{"id":2403,"date":"2019-01-18T16:23:34","date_gmt":"2019-01-18T14:23:34","guid":{"rendered":"https:\/\/muratraf.com\/iletisim\/"},"modified":"2023-05-08T12:18:16","modified_gmt":"2023-05-08T09:18:16","slug":"contact-us","status":"publish","type":"page","link":"https:\/\/muratraf.com\/en\/contact-us\/","title":{"rendered":"Contact Us"},"content":{"rendered":"<p>[vc_row full_width=&#8221;stretch_row_content_no_spaces&#8221;][vc_column][vc_gmaps link=&#8221;#E-8_JTNDaWZyYW1lJTIwc3JjJTNEJTIyaHR0cHMlM0ElMkYlMkZ3d3cuZ29vZ2xlLmNvbSUyRm1hcHMlMkZlbWJlZCUzRnBiJTNEJTIxMW0xOCUyMTFtMTIlMjExbTMlMjExZDU1MTYuNTUxNjQ0NzU3ODUzJTIxMmQyOC44MjE4MDkxOTYyMTAzOSUyMTNkNDEuMDcwNzIyNDE5NDM5OTQ2JTIxMm0zJTIxMWYwJTIxMmYwJTIxM2YwJTIxM20yJTIxMWkxMDI0JTIxMmk3NjglMjE0ZjEzLjElMjEzbTMlMjExbTIlMjExczB4MTRjYWE1N2M3NmU3Yzc0YiUyNTNBMHg5MjdmYjJhMzMyZTkxYTJjJTIxMnNNdXJhdCUyNTIwUmFmJTI1MjBTYW4udmUlMjUyMFRpYy5MdGQuJTI1QzUlMjU5RXRpLiUyMTVlMCUyMTNtMiUyMTFzdHIlMjEyc3RyJTIxNHYxNTk4ODE0MTY4ODY3JTIxNW0yJTIxMXN0ciUyMTJzdHIlMjIlMjB3aWR0aCUzRCUyMiUyNTEwMCUyMiUyMGhlaWdodCUzRCUyMjQ1MCUyMiUyMGZyYW1lYm9yZGVyJTNEJTIyMCUyMiUyMHN0eWxlJTNEJTIyYm9yZGVyJTNBMCUzQiUyMiUyMGFsbG93ZnVsbHNjcmVlbiUzRCUyMiUyMiUyMGFyaWEtaGlkZGVuJTNEJTIyZmFsc2UlMjIlMjB0YWJpbmRleCUzRCUyMjAlMjIlM0UlM0MlMkZpZnJhbWUlM0U=&#8221;][\/vc_column][\/vc_row][vc_row css=&#8221;.vc_custom_1555403057320{padding-top: 60px !important;padding-bottom: 60px !important;}&#8221;][vc_column][vc_custom_heading text=&#8221;Contact Us&#8221; font_container=&#8221;tag:h2|text_align:center&#8221; google_fonts=&#8221;font_family:Montserrat%3Aregular%2C700|font_style:700%20bold%20regular%3A700%3Anormal&#8221;][vc_column_text]<\/p>\n<p style=\"text-align: center;\">To contact us, you can call us at the numbers below or fill out the form.<\/p>\n<p>[\/vc_column_text][\/vc_column][\/vc_row][vc_row css=&#8221;.vc_custom_1555403071146{padding-bottom: 60px !important;}&#8221;][vc_column width=&#8221;1\/3&#8243;][vc_row_inner][vc_column_inner width=&#8221;1\/4&#8243; offset=&#8221;vc_col-xs-3&#8243;][vc_icon icon_fontawesome=&#8221;fa fa-building-o&#8221; color=&#8221;custom&#8221; size=&#8221;lg&#8221; align=&#8221;center&#8221; custom_color=&#8221;#dd9933&#8243;][\/vc_column_inner][vc_column_inner width=&#8221;3\/4&#8243; offset=&#8221;vc_col-xs-9&#8243;][vc_custom_heading text=&#8221;Adress&#8221; font_container=&#8221;tag:h2|font_size:17px|text_align:left&#8221; google_fonts=&#8221;font_family:Montserrat%3Aregular%2C700|font_style:700%20bold%20regular%3A700%3Anormal&#8221;][vc_column_text]\u0130sto\u00e7 25. Ada No:146-148 PK: 34218 Mahmutbey Ba\u011fc\u0131lar \/ \u0130stanbul[\/vc_column_text][\/vc_column_inner][\/vc_row_inner][vc_row_inner][vc_column_inner width=&#8221;1\/4&#8243; offset=&#8221;vc_col-xs-3&#8243;][vc_icon icon_fontawesome=&#8221;fa fa-phone&#8221; color=&#8221;custom&#8221; size=&#8221;lg&#8221; align=&#8221;center&#8221; custom_color=&#8221;#dd9933&#8243;][\/vc_column_inner][vc_column_inner width=&#8221;3\/4&#8243; offset=&#8221;vc_col-xs-9&#8243;][vc_custom_heading text=&#8221;Telefon&#8221; font_container=&#8221;tag:h2|font_size:17px|text_align:left&#8221; google_fonts=&#8221;font_family:Montserrat%3Aregular%2C700|font_style:700%20bold%20regular%3A700%3Anormal&#8221;][vc_column_text]+90 212 659 00 20[\/vc_column_text][\/vc_column_inner][\/vc_row_inner][vc_row_inner][vc_column_inner width=&#8221;1\/4&#8243; offset=&#8221;vc_col-xs-3&#8243;][vc_icon icon_fontawesome=&#8221;fa fa-fax&#8221; color=&#8221;custom&#8221; size=&#8221;lg&#8221; align=&#8221;center&#8221; custom_color=&#8221;#dd9933&#8243;][\/vc_column_inner][vc_column_inner width=&#8221;3\/4&#8243; offset=&#8221;vc_col-xs-9&#8243;][vc_custom_heading text=&#8221;Fax&#8221; font_container=&#8221;tag:h2|font_size:17px|text_align:left&#8221; google_fonts=&#8221;font_family:Montserrat%3Aregular%2C700|font_style:700%20bold%20regular%3A700%3Anormal&#8221;][vc_column_text]+90 212 659 00 21[\/vc_column_text][\/vc_column_inner][\/vc_row_inner][vc_row_inner][vc_column_inner width=&#8221;1\/4&#8243; offset=&#8221;vc_col-xs-3&#8243;][vc_icon icon_fontawesome=&#8221;fa fa-mobile&#8221; color=&#8221;custom&#8221; size=&#8221;lg&#8221; align=&#8221;center&#8221; custom_color=&#8221;#dd9933&#8243;][\/vc_column_inner][vc_column_inner width=&#8221;3\/4&#8243; offset=&#8221;vc_col-xs-9&#8243;][vc_custom_heading text=&#8221;Gsm&#8221; font_container=&#8221;tag:h2|font_size:17px|text_align:left&#8221; google_fonts=&#8221;font_family:Montserrat%3Aregular%2C700|font_style:700%20bold%20regular%3A700%3Anormal&#8221;][vc_column_text]+90 549 656 00 20[\/vc_column_text][\/vc_column_inner][\/vc_row_inner][vc_row_inner][vc_column_inner width=&#8221;1\/4&#8243; offset=&#8221;vc_col-xs-3&#8243;][vc_icon icon_fontawesome=&#8221;fa fa-envelope-open-o&#8221; color=&#8221;custom&#8221; size=&#8221;lg&#8221; align=&#8221;center&#8221; custom_color=&#8221;#dd9933&#8243;][\/vc_column_inner][vc_column_inner width=&#8221;3\/4&#8243; offset=&#8221;vc_col-xs-9&#8243;][vc_custom_heading text=&#8221;Email&#8221; font_container=&#8221;tag:h2|font_size:17px|text_align:left&#8221; google_fonts=&#8221;font_family:Montserrat%3Aregular%2C700|font_style:700%20bold%20regular%3A700%3Anormal&#8221;][vc_column_text]muratraf34@hotmail.com[\/vc_column_text][\/vc_column_inner][\/vc_row_inner][\/vc_column][vc_column width=&#8221;2\/3&#8243;]<div role=\"form\" class=\"wpcf7\" id=\"wpcf7-f96-o1\" lang=\"tr-TR\" dir=\"ltr\">\n<div class=\"screen-reader-response\" role=\"alert\" aria-live=\"polite\"><\/div>\n<form action=\"\/en\/wp-json\/wp\/v2\/pages\/2403\/#wpcf7-f96-o1\" method=\"post\" class=\"wpcf7-form init\" novalidate=\"novalidate\">\n<div style=\"display: none;\">\n<input type=\"hidden\" name=\"_wpcf7\" value=\"96\" \/>\n<input type=\"hidden\" name=\"_wpcf7_version\" value=\"5.2.2\" \/>\n<input type=\"hidden\" name=\"_wpcf7_locale\" value=\"tr_TR\" \/>\n<input type=\"hidden\" name=\"_wpcf7_unit_tag\" value=\"wpcf7-f96-o1\" \/>\n<input type=\"hidden\" name=\"_wpcf7_container_post\" value=\"0\" \/>\n<input type=\"hidden\" name=\"_wpcf7_posted_data_hash\" value=\"\" \/>\n<\/div>\n<div class=\"iletisim\">\n<div class=\"row\">\n<div class=\"col-md-6 pr7\"><label><span class=\"wpcf7-form-control-wrap your-name\"><input type=\"text\" name=\"your-name\" value=\"\" size=\"100\" class=\"wpcf7-form-control wpcf7-text form-control\" aria-invalid=\"false\" placeholder=\"Ad Soyad\" \/><\/span> <\/label><\/div>\n<div class=\"col-md-6 pl0\"><label><span class=\"wpcf7-form-control-wrap your-email\"><input type=\"email\" name=\"your-email\" value=\"\" size=\"100\" class=\"wpcf7-form-control wpcf7-text wpcf7-email wpcf7-validates-as-email form-control\" aria-invalid=\"false\" placeholder=\"Mail\" \/><\/span> <\/label><\/div>\n<div class=\"col-md-12\"><label><span class=\"wpcf7-form-control-wrap your-subject\"><input type=\"text\" name=\"your-subject\" value=\"\" size=\"100\" class=\"wpcf7-form-control wpcf7-text wpcf7-validates-as-required form-control\" aria-required=\"true\" aria-invalid=\"false\" placeholder=\"Telefon\" \/><\/span><\/label><br \/>\n<label><span class=\"wpcf7-form-control-wrap your-message\"><textarea name=\"your-message\" cols=\"100\" rows=\"10\" class=\"wpcf7-form-control wpcf7-textarea form-control\" aria-invalid=\"false\" placeholder=\"Mesaj\"><\/textarea><\/span><\/label><\/div>\n<\/div>\n<p><input type=\"submit\" value=\"G\u00f6nder\" class=\"wpcf7-form-control wpcf7-submit iletisim-button\" \/>\n<\/p><\/div>\n<div class=\"wpcf7-response-output\" role=\"alert\" aria-hidden=\"true\"><\/div><\/form><\/div>[\/vc_column][\/vc_row][vc_row][vc_column][\/vc_column][\/vc_row][vc_row][vc_column width=&#8221;1\/2&#8243;][vc_custom_heading text=&#8221;Topkap\u0131 1 Center&#8221; google_fonts=&#8221;font_family:Montserrat%3Aregular%2C700|font_style:700%20bold%20regular%3A700%3Anormal&#8221;][vc_column_text]Address: Faz\u0131lpa\u015fa Cad. Tim 2 \u0130\u015f Mrk. 1. Blok<\/p>\n<p>No:259 &#8211; 248 &#8211; 249 PK:34010 Topkap\u0131 Zeytinburnu \/ \u0130stanbul<\/p>\n<p>Tel: +90 212 501 32 25 &#8211; 577 74 47<\/p>\n<p>Faks: +90 212 501 60 63<\/p>\n<p>Gsm: +90 549 656 00 20<\/p>\n<p>E-mail: info@muratraf.com[\/vc_column_text][\/vc_column][vc_column width=&#8221;1\/2&#8243;][vc_custom_heading text=&#8221;Topkap\u0131 2&#8243; google_fonts=&#8221;font_family:Montserrat%3Aregular%2C700|font_style:700%20bold%20regular%3A700%3Anormal&#8221;][vc_column_text]<strong>Address:<\/strong> Faz\u0131lpa\u015fa Cad. Tim 2 \u0130\u015f Mrk. 1. Blok<\/p>\n<p>No:275 PK:34010 Topkap\u0131 Zeytinburnu \/ \u0130stanbul<\/p>\n<p>Tel: +90 212 544 47 31<\/p>\n<p>Faks: +90 212 501 60 63<\/p>\n<p>Gsm: +90 507 246 60 50<\/p>\n<p>E-mail: info@muratraf.com[\/vc_column_text][\/vc_column][\/vc_row]<\/p>\n","protected":false},"excerpt":{"rendered":"<p>[vc_row full_width=&#8221;stretch_row_content_no_spaces&#8221;][vc_column][vc_gmaps link=&#8221;#E-8_JTNDaWZyYW1lJTIwc3JjJTNEJTIyaHR0cHMlM0ElMkYlMkZ3d3cuZ29vZ2xlLmNvbSUyRm1hcHMlMkZlbWJlZCUzRnBiJTNEJTIxMW0xOCUyMTFtMTIlMjExbTMlMjExZDU1MTYuNTUxNjQ0NzU3ODUzJTIxMmQyOC44MjE4MDkxOTYyMTAzOSUyMTNkNDEuMDcwNzIyNDE5NDM5OTQ2JTIxMm0zJTIxMWYwJTIxMmYwJTIxM2YwJTIxM20yJTIxMWkxMDI0JTIxMmk3NjglMjE0ZjEzLjElMjEzbTMlMjExbTIlMjExczB4MTRjYWE1N2M3NmU3Yzc0YiUyNTNBMHg5MjdmYjJhMzMyZTkxYTJjJTIxMnNNdXJhdCUyNTIwUmFmJTI1MjBTYW4udmUlMjUyMFRpYy5MdGQuJTI1QzUlMjU5RXRpLiUyMTVlMCUyMTNtMiUyMTFzdHIlMjEyc3RyJTIxNHYxNTk4ODE0MTY4ODY3JTIxNW0yJTIxMXN0ciUyMTJzdHIlMjIlMjB3aWR0aCUzRCUyMiUyNTEwMCUyMiUyMGhlaWdodCUzRCUyMjQ1MCUyMiUyMGZyYW1lYm9yZGVyJTNEJTIyMCUyMiUyMHN0eWxlJTNEJTIyYm9yZGVyJTNBMCUzQiUyMiUyMGFsbG93ZnVsbHNjcmVlbiUzRCUyMiUyMiUyMGFyaWEtaGlkZGVuJTNEJTIyZmFsc2UlMjIlMjB0YWJpbmRleCUzRCUyMjAlMjIlM0UlM0MlMkZpZnJhbWUlM0U=&#8221;][\/vc_column][\/vc_row][vc_row css=&#8221;.vc_custom_1555403057320{padding-top: 60px !important;padding-bottom: 60px !important;}&#8221;][vc_column][vc_custom_heading text=&#8221;Contact Us&#8221; font_container=&#8221;tag:h2|text_align:center&#8221; google_fonts=&#8221;font_family:Montserrat%3Aregular%2C700|font_style:700%20bold%20regular%3A700%3Anormal&#8221;][vc_column_text] To contact us, you can call us at the numbers below or fill out the form. [\/vc_column_text][\/vc_column][\/vc_row][vc_row css=&#8221;.vc_custom_1555403071146{padding-bottom: 60px !important;}&#8221;][vc_column width=&#8221;1\/3&#8243;][vc_row_inner][vc_column_inner width=&#8221;1\/4&#8243; offset=&#8221;vc_col-xs-3&#8243;][vc_icon icon_fontawesome=&#8221;fa fa-building-o&#8221; color=&#8221;custom&#8221; size=&#8221;lg&#8221; align=&#8221;center&#8221; custom_color=&#8221;#dd9933&#8243;][\/vc_column_inner][vc_column_inner width=&#8221;3\/4&#8243; offset=&#8221;vc_col-xs-9&#8243;][vc_custom_heading text=&#8221;Adress&#8221; font_container=&#8221;tag:h2|font_size:17px|text_align:left&#8221; google_fonts=&#8221;font_family:Montserrat%3Aregular%2C700|font_style:700%20bold%20regular%3A700%3Anormal&#8221;][vc_column_text]\u0130sto\u00e7 25. Ada No:146-148 PK: 34218 Mahmutbey Ba\u011fc\u0131lar \/ \u0130stanbul[\/vc_column_text][\/vc_column_inner][\/vc_row_inner][vc_row_inner][vc_column_inner [&hellip;]<\/p>\n","protected":false},"author":1,"featured_media":0,"parent":0,"menu_order":0,"comment_status":"closed","ping_status":"closed","template":"contact.php","meta":{"footnotes":""},"class_list":["post-2403","page","type-page","status-publish","hentry"],"yoast_head":"<!-- This site is optimized with the Yoast SEO plugin v14.9 - https:\/\/yoast.com\/wordpress\/plugins\/seo\/ -->\n<title>Contact Us - Murat Raf<\/title>\n<meta name=\"robots\" content=\"index, follow, max-snippet:-1, max-image-preview:large, max-video-preview:-1\" \/>\n<link rel=\"canonical\" href=\"https:\/\/muratraf.com\/en\/contact-us\/\" \/>\n<meta property=\"og:locale\" content=\"en_US\" \/>\n<meta property=\"og:type\" content=\"article\" \/>\n<meta property=\"og:title\" content=\"Contact Us - Murat Raf\" \/>\n<meta property=\"og:description\" content=\"[vc_row full_width=&#8221;stretch_row_content_no_spaces&#8221;][vc_column][vc_gmaps link=&#8221;#E-8_JTNDaWZyYW1lJTIwc3JjJTNEJTIyaHR0cHMlM0ElMkYlMkZ3d3cuZ29vZ2xlLmNvbSUyRm1hcHMlMkZlbWJlZCUzRnBiJTNEJTIxMW0xOCUyMTFtMTIlMjExbTMlMjExZDU1MTYuNTUxNjQ0NzU3ODUzJTIxMmQyOC44MjE4MDkxOTYyMTAzOSUyMTNkNDEuMDcwNzIyNDE5NDM5OTQ2JTIxMm0zJTIxMWYwJTIxMmYwJTIxM2YwJTIxM20yJTIxMWkxMDI0JTIxMmk3NjglMjE0ZjEzLjElMjEzbTMlMjExbTIlMjExczB4MTRjYWE1N2M3NmU3Yzc0YiUyNTNBMHg5MjdmYjJhMzMyZTkxYTJjJTIxMnNNdXJhdCUyNTIwUmFmJTI1MjBTYW4udmUlMjUyMFRpYy5MdGQuJTI1QzUlMjU5RXRpLiUyMTVlMCUyMTNtMiUyMTFzdHIlMjEyc3RyJTIxNHYxNTk4ODE0MTY4ODY3JTIxNW0yJTIxMXN0ciUyMTJzdHIlMjIlMjB3aWR0aCUzRCUyMiUyNTEwMCUyMiUyMGhlaWdodCUzRCUyMjQ1MCUyMiUyMGZyYW1lYm9yZGVyJTNEJTIyMCUyMiUyMHN0eWxlJTNEJTIyYm9yZGVyJTNBMCUzQiUyMiUyMGFsbG93ZnVsbHNjcmVlbiUzRCUyMiUyMiUyMGFyaWEtaGlkZGVuJTNEJTIyZmFsc2UlMjIlMjB0YWJpbmRleCUzRCUyMjAlMjIlM0UlM0MlMkZpZnJhbWUlM0U=&#8221;][\/vc_column][\/vc_row][vc_row css=&#8221;.vc_custom_1555403057320{padding-top: 60px !important;padding-bottom: 60px !important;}&#8221;][vc_column][vc_custom_heading text=&#8221;Contact Us&#8221; font_container=&#8221;tag:h2|text_align:center&#8221; google_fonts=&#8221;font_family:Montserrat%3Aregular%2C700|font_style:700%20bold%20regular%3A700%3Anormal&#8221;][vc_column_text] To contact us, you can call us at the numbers below or fill out the form. [\/vc_column_text][\/vc_column][\/vc_row][vc_row css=&#8221;.vc_custom_1555403071146{padding-bottom: 60px !important;}&#8221;][vc_column width=&#8221;1\/3&#8243;][vc_row_inner][vc_column_inner width=&#8221;1\/4&#8243; offset=&#8221;vc_col-xs-3&#8243;][vc_icon icon_fontawesome=&#8221;fa fa-building-o&#8221; color=&#8221;custom&#8221; size=&#8221;lg&#8221; align=&#8221;center&#8221; custom_color=&#8221;#dd9933&#8243;][\/vc_column_inner][vc_column_inner width=&#8221;3\/4&#8243; offset=&#8221;vc_col-xs-9&#8243;][vc_custom_heading text=&#8221;Adress&#8221; font_container=&#8221;tag:h2|font_size:17px|text_align:left&#8221; google_fonts=&#8221;font_family:Montserrat%3Aregular%2C700|font_style:700%20bold%20regular%3A700%3Anormal&#8221;][vc_column_text]\u0130sto\u00e7 25. Ada No:146-148 PK: 34218 Mahmutbey Ba\u011fc\u0131lar \/ \u0130stanbul[\/vc_column_text][\/vc_column_inner][\/vc_row_inner][vc_row_inner][vc_column_inner [&hellip;]\" \/>\n<meta property=\"og:url\" content=\"https:\/\/muratraf.com\/en\/contact-us\/\" \/>\n<meta property=\"og:site_name\" content=\"Murat Raf\" \/>\n<meta property=\"article:modified_time\" content=\"2023-05-08T09:18:16+00:00\" \/>\n<meta name=\"twitter:card\" content=\"summary_large_image\" \/>\n<script type=\"application\/ld+json\" class=\"yoast-schema-graph\">{\"@context\":\"https:\/\/schema.org\",\"@graph\":[{\"@type\":\"WebSite\",\"@id\":\"https:\/\/muratraf.com\/en\/#website\",\"url\":\"https:\/\/muratraf.com\/en\/\",\"name\":\"Murat Raf\",\"description\":\"\",\"potentialAction\":[{\"@type\":\"SearchAction\",\"target\":\"https:\/\/muratraf.com\/en\/?s={search_term_string}\",\"query-input\":\"required name=search_term_string\"}],\"inLanguage\":\"en-US\"},{\"@type\":\"WebPage\",\"@id\":\"https:\/\/muratraf.com\/en\/contact-us\/#webpage\",\"url\":\"https:\/\/muratraf.com\/en\/contact-us\/\",\"name\":\"Contact Us - Murat Raf\",\"isPartOf\":{\"@id\":\"https:\/\/muratraf.com\/en\/#website\"},\"datePublished\":\"2019-01-18T14:23:34+00:00\",\"dateModified\":\"2023-05-08T09:18:16+00:00\",\"inLanguage\":\"en-US\",\"potentialAction\":[{\"@type\":\"ReadAction\",\"target\":[\"https:\/\/muratraf.com\/en\/contact-us\/\"]}]}]}<\/script>\n<!-- \/ Yoast SEO plugin. -->","_links":{"self":[{"href":"https:\/\/muratraf.com\/en\/wp-json\/wp\/v2\/pages\/2403\/"}],"collection":[{"href":"https:\/\/muratraf.com\/en\/wp-json\/wp\/v2\/pages\/"}],"about":[{"href":"https:\/\/muratraf.com\/en\/wp-json\/wp\/v2\/types\/page\/"}],"author":[{"embeddable":true,"href":"https:\/\/muratraf.com\/en\/wp-json\/wp\/v2\/users\/1\/"}],"replies":[{"embeddable":true,"href":"https:\/\/muratraf.com\/en\/wp-json\/wp\/v2\/comments\/?post=2403"}],"version-history":[{"count":8,"href":"https:\/\/muratraf.com\/en\/wp-json\/wp\/v2\/pages\/2403\/revisions\/"}],"predecessor-version":[{"id":4944,"href":"https:\/\/muratraf.com\/en\/wp-json\/wp\/v2\/pages\/2403\/revisions\/4944\/"}],"wp:attachment":[{"href":"https:\/\/muratraf.com\/en\/wp-json\/wp\/v2\/media\/?parent=2403"}],"curies":[{"name":"wp","href":"https:\/\/api.w.org\/{rel}","templated":true}]}}